{"id":32,"date":"2021-09-22T22:43:28","date_gmt":"2021-09-23T01:43:28","guid":{"rendered":"https:\/\/staging2.casaditaliadasvertentes.com.br\/?page_id=32"},"modified":"2021-12-06T18:04:57","modified_gmt":"2021-12-06T18:04:57","slug":"exemplo","status":"publish","type":"page","link":"https:\/\/barbacena.casaditaliadasvertentes.com.br\/it\/","title":{"rendered":"Home"},"content":{"rendered":"<div class=\"wp-block-columns is-layout-flex wp-container-core-columns-is-layout-9d6595d7 wp-block-columns-is-layout-flex\">\n<div class=\"wp-block-column is-layout-flow wp-block-column-is-layout-flow\" style=\"flex-basis:100%\">\n<p class=\"has-sitetext-color has-text-color has-larger-font-size\">Come tutte le case di nuova costruzione, questa \u00e8 ancora vuota, nuova di zecca, semplicemente non ha quell\u2019odore tipico perch\u00e9 siamo nel mondo virtuale e questo deve ancora essere perfezionato! <\/p>\n\n\n\n<p class=\"has-sitetext-color has-text-color has-larger-font-size\">Ma \u00e8 gi\u00e0 a vostra disposizione e, in questa prima fase, conto sull\u2019aiuto di tutti voi per decorarla, riempire gli spazi delle stanze virtuali vuote con notizie, fotografie, documenti e storie; ricordi della vita reale delle migliaia di italiani che sono venuti qui. Di coloro che sono arrivati per restare o in transito, ma sempre con sguardi e pensieri pieni di speranza, nonostante la probabile sofferenza dovuta alla durezza di un viaggio cos\u00ec lungo, con mezzi meno comodi di quelli attuali.<\/p>\n\n\n\n<p class=\"has-sitetext-color has-text-color has-larger-font-size\">Sono venuti senza essere sicuri di ci\u00f2 che avrebbero trovato, ma portando comunque una cultura e valori che si sono \u201cinnestati\u201d indissolubilmente in questo \u201cnuovo mondo\u201d. Attraverso il racconto di queste storie vogliamo costruire un percorso per visitare questa Casa d\u2019Italia das Vertentes, divisa in tre \u201cpiani\u201d che portano i nomi delle principali citt\u00e0 della microregione.<\/p>\n\n\n\n<p class=\"has-sitetext-color has-text-color has-larger-font-size\">Ma al di l\u00e0 del passato, c\u2019\u00e8 anche il presente e, quindi, chiediamo anche notizie e informazioni di persone e attivit\u00e0 che portano una scia di questa italianit\u00e0 ancora oggi. C\u2019\u00e8 gi\u00e0 molto materiale organizzato, ma con la diffusione di questo invito speriamo vivamente che appaia molto di pi\u00f9! Potete fare domande o dare suggerimenti e informazioni cliccando su Contatto nella parte superiore della pagina e inviando un messaggio. <\/p>\n\n\n\n<p class=\"has-sitetext-color has-text-color has-larger-font-size\">Un altro canale \u00e8 l\u2019indirizzo e-mail:<strong> <a>saojoaodelrei.onorario@esteri.it<\/a><\/strong><\/p>\n\n\n\n<p class=\"has-sitetext-color has-text-color has-larger-font-size\">Grazie<\/p>\n\n\n\n<p class=\"has-sitetext-color has-text-color has-large-font-size\"><strong>Guido Boletti<\/strong><\/p>\n\n\n\n<p class=\"has-sitetext-color has-text-color has-large-font-size\">Agente consolare onorario - S\u00e3o Jo\u00e3o del-Rei<\/p>\n<\/div>\n<\/div>\n\n\n\n<figure class=\"wp-block-image alignfull size-full is-style-default\"><img loading=\"lazy\" decoding=\"async\" width=\"720\" height=\"450\" src=\"http:\/\/barbacena.casaditaliadasvertentes.com.br\/wp-content\/uploads\/2021\/12\/697A35CB-6BEB-460F-92DB-C9B6ED237783.jpeg\" alt=\"\" class=\"wp-image-104\" srcset=\"https:\/\/barbacena.casaditaliadasvertentes.com.br\/wp-content\/uploads\/2021\/12\/697A35CB-6BEB-460F-92DB-C9B6ED237783.jpeg 720w, https:\/\/barbacena.casaditaliadasvertentes.com.br\/wp-content\/uploads\/2021\/12\/697A35CB-6BEB-460F-92DB-C9B6ED237783-300x188.jpeg 300w, https:\/\/barbacena.casaditaliadasvertentes.com.br\/wp-content\/uploads\/2021\/12\/697A35CB-6BEB-460F-92DB-C9B6ED237783-18x12.jpeg 18w, https:\/\/barbacena.casaditaliadasvertentes.com.br\/wp-content\/uploads\/2021\/12\/697A35CB-6BEB-460F-92DB-C9B6ED237783-480x300.jpeg 480w\" sizes=\"auto, (max-width: 720px) 100vw, 720px\" \/><\/figure>","protected":false},"excerpt":{"rendered":"","protected":false},"author":2,"featured_media":0,"parent":0,"menu_order":0,"comment_status":"closed","ping_status":"closed","template":"","meta":{"footnotes":""},"class_list":["post-32","page","type-page","status-publish","hentry"],"_links":{"self":[{"href":"https:\/\/barbacena.casaditaliadasvertentes.com.br\/it\/wp-json\/wp\/v2\/pages\/32","targetHints":{"allow":["GET"]}}],"collection":[{"href":"https:\/\/barbacena.casaditaliadasvertentes.com.br\/it\/wp-json\/wp\/v2\/pages"}],"about":[{"href":"https:\/\/barbacena.casaditaliadasvertentes.com.br\/it\/wp-json\/wp\/v2\/types\/page"}],"author":[{"embeddable":true,"href":"https:\/\/barbacena.casaditaliadasvertentes.com.br\/it\/wp-json\/wp\/v2\/users\/2"}],"replies":[{"embeddable":true,"href":"https:\/\/barbacena.casaditaliadasvertentes.com.br\/it\/wp-json\/wp\/v2\/comments?post=32"}],"version-history":[{"count":4,"href":"https:\/\/barbacena.casaditaliadasvertentes.com.br\/it\/wp-json\/wp\/v2\/pages\/32\/revisions"}],"predecessor-version":[{"id":106,"href":"https:\/\/barbacena.casaditaliadasvertentes.com.br\/it\/wp-json\/wp\/v2\/pages\/32\/revisions\/106"}],"wp:attachment":[{"href":"https:\/\/barbacena.casaditaliadasvertentes.com.br\/it\/wp-json\/wp\/v2\/media?parent=32"}],"curies":[{"name":"wp","href":"https:\/\/api.w.org\/{rel}","templated":true}]}}